{"id":2449,"date":"2024-09-01T22:33:34","date_gmt":"2024-09-01T22:33:34","guid":{"rendered":"https:\/\/kemalozturk.com\/?page_id=2449"},"modified":"2024-09-01T23:25:14","modified_gmt":"2024-09-01T23:25:14","slug":"bazen-yazarim-birseyler","status":"publish","type":"page","link":"https:\/\/kemalozturk.com\/index.php\/bazen-yazarim-birseyler\/","title":{"rendered":"Bazen yazar\u0131m bir\u015feyler&#8230;"},"content":{"rendered":"\t\t<div data-elementor-type=\"wp-page\" data-elementor-id=\"2449\" class=\"elementor elementor-2449\" data-elementor-post-type=\"page\">\n\t\t\t\t<div class=\"elementor-element elementor-element-3615281 e-con-full e-flex e-con e-parent\" data-id=\"3615281\" data-element_type=\"container\">\n\t\t\t\t<div class=\"elementor-element elementor-element-b8d8a56 elementor-grid-4 elementor-grid-tablet-2 elementor-grid-mobile-1 elementor-widget elementor-widget-loop-grid\" data-id=\"b8d8a56\" data-element_type=\"widget\" data-settings=\"{&quot;template_id&quot;:2480,&quot;pagination_type&quot;:&quot;load_more_infinite_scroll&quot;,&quot;columns&quot;:4,&quot;_skin&quot;:&quot;post&quot;,&quot;columns_tablet&quot;:&quot;2&quot;,&quot;columns_mobile&quot;:&quot;1&quot;,&quot;edit_handle_selector&quot;:&quot;[data-elementor-type=\\&quot;loop-item\\&quot;]&quot;,&quot;load_more_spinner&quot;:{&quot;value&quot;:&quot;fas fa-spinner&quot;,&quot;library&quot;:&quot;fa-solid&quot;},&quot;row_gap&quot;:{&quot;unit&quot;:&quot;px&quot;,&quot;size&quot;:&quot;&quot;,&quot;sizes&quot;:[]},&quot;row_gap_tablet&quot;:{&quot;unit&quot;:&quot;px&quot;,&quot;size&quot;:&quot;&quot;,&quot;sizes&quot;:[]},&quot;row_gap_mobile&quot;:{&quot;unit&quot;:&quot;px&quot;,&quot;size&quot;:&quot;&quot;,&quot;sizes&quot;:[]}}\" data-widget_type=\"loop-grid.post\">\n\t\t\t\t<div class=\"elementor-widget-container\">\n\t\t\t<link rel=\"stylesheet\" href=\"https:\/\/kemalozturk.com\/wp-content\/plugins\/elementor-pro\/assets\/css\/widget-loop-builder.min.css?ver=1724460118\">\t\t<div class=\"elementor-loop-container elementor-grid\">\n\t\t<style id=\"loop-2480\">.elementor-2480 .elementor-element.elementor-element-61455e0{--display:flex;--background-transition:0.3s;}.elementor-2480 .elementor-element.elementor-element-fe91b65 img{height:230px;object-fit:cover;object-position:center center;transition-duration:0.5s;}.elementor-2480 .elementor-element.elementor-element-fe91b65:hover img{opacity:0.35;}.elementor-2480 .elementor-element.elementor-element-e8855fc{text-align:justify;}.elementor-2480 .elementor-element.elementor-element-e8855fc .elementor-heading-title{font-family:var( --e-global-typography-primary-font-family ), Sans-serif;font-weight:var( --e-global-typography-primary-font-weight );mix-blend-mode:overlay;}.elementor-2480 .elementor-element.elementor-element-e8855fc.elementor-element{--align-self:flex-end;}.elementor-2480 .elementor-element.elementor-element-bc5dd9d .elementor-icon-list-icon{width:14px;}.elementor-2480 .elementor-element.elementor-element-bc5dd9d .elementor-icon-list-icon i{font-size:14px;}.elementor-2480 .elementor-element.elementor-element-bc5dd9d .elementor-icon-list-icon svg{--e-icon-list-icon-size:14px;}.elementor-2480 .elementor-element.elementor-element-bc5dd9d .elementor-icon-list-item{font-size:12px;}<\/style>\t\t<div data-elementor-type=\"loop-item\" data-elementor-id=\"2480\" class=\"elementor elementor-2480 e-loop-item e-loop-item-509 post-509 post type-post status-publish format-standard has-post-thumbnail hentry category-development category-photography tag-creative tag-design tag-develop\" data-elementor-post-type=\"elementor_library\" data-custom-edit-handle=\"1\">\n\t\t\t<div class=\"elementor-element elementor-element-61455e0 e-flex e-con-boxed e-con e-parent\" data-id=\"61455e0\" data-element_type=\"container\">\n\t\t\t\t\t<div class=\"e-con-inner\">\n\t\t\t\t<div class=\"elementor-element elementor-element-fe91b65 elementor-widget elementor-widget-theme-post-featured-image elementor-widget-image\" data-id=\"fe91b65\" data-element_type=\"widget\" data-widget_type=\"theme-post-featured-image.default\">\n\t\t\t\t<div class=\"elementor-widget-container\">\n\t\t\t<style>\/*! elementor - v3.23.0 - 05-08-2024 *\/\n.elementor-widget-image{text-align:center}.elementor-widget-image a{display:inline-block}.elementor-widget-image a img[src$=\".svg\"]{width:48px}.elementor-widget-image img{vertical-align:middle;display:inline-block}<\/style>\t\t\t\t\t\t\t\t\t\t\t<a href=\"https:\/\/kemalozturk.com\/index.php\/yapay-zeka-ve-fotografcilik-sanatin-yeni-cagi-mi-yoksa-sonu-mu\/\">\n\t\t\t\t\t\t\t<img fetchpriority=\"high\" decoding=\"async\" width=\"768\" height=\"768\" src=\"https:\/\/kemalozturk.com\/wp-content\/uploads\/2019\/05\/e3f843d1-3857-4a16-873b-a05d603008ff-768x768.webp\" class=\"elementor-animation-grow attachment-medium_large size-medium_large wp-image-2526\" alt=\"\" srcset=\"https:\/\/kemalozturk.com\/wp-content\/uploads\/2019\/05\/e3f843d1-3857-4a16-873b-a05d603008ff-768x768.webp 768w, https:\/\/kemalozturk.com\/wp-content\/uploads\/2019\/05\/e3f843d1-3857-4a16-873b-a05d603008ff-300x300.webp 300w, https:\/\/kemalozturk.com\/wp-content\/uploads\/2019\/05\/e3f843d1-3857-4a16-873b-a05d603008ff-150x150.webp 150w, https:\/\/kemalozturk.com\/wp-content\/uploads\/2019\/05\/e3f843d1-3857-4a16-873b-a05d603008ff.webp 1024w\" sizes=\"(max-width: 768px) 100vw, 768px\" \/>\t\t\t\t\t\t\t\t<\/a>\n\t\t\t\t\t\t\t\t\t\t\t\t\t<\/div>\n\t\t\t\t<\/div>\n\t\t\t\t<div class=\"elementor-element elementor-element-e8855fc elementor-widget elementor-widget-theme-post-title elementor-page-title elementor-widget-heading\" data-id=\"e8855fc\" data-element_type=\"widget\" data-widget_type=\"theme-post-title.default\">\n\t\t\t\t<div class=\"elementor-widget-container\">\n\t\t\t<style>\/*! elementor - v3.23.0 - 05-08-2024 *\/\n.elementor-heading-title{padding:0;margin:0;line-height:1}.elementor-widget-heading .elementor-heading-title[class*=elementor-size-]>a{color:inherit;font-size:inherit;line-height:inherit}.elementor-widget-heading .elementor-heading-title.elementor-size-small{font-size:15px}.elementor-widget-heading .elementor-heading-title.elementor-size-medium{font-size:19px}.elementor-widget-heading .elementor-heading-title.elementor-size-large{font-size:29px}.elementor-widget-heading .elementor-heading-title.elementor-size-xl{font-size:39px}.elementor-widget-heading .elementor-heading-title.elementor-size-xxl{font-size:59px}<\/style><h5 class=\"elementor-heading-title elementor-size-default\"><a href=\"https:\/\/kemalozturk.com\/index.php\/yapay-zeka-ve-fotografcilik-sanatin-yeni-cagi-mi-yoksa-sonu-mu\/\">Yapay Zeka ve Foto\u011fraf\u00e7\u0131l\u0131k: Sanat\u0131n Yeni \u00c7a\u011f\u0131 m\u0131, Yoksa Sonu mu?<\/a><\/h5>\t\t<\/div>\n\t\t\t\t<\/div>\n\t\t\t\t<div class=\"elementor-element elementor-element-bc5dd9d elementor-align-right elementor-widget elementor-widget-post-info\" data-id=\"bc5dd9d\" data-element_type=\"widget\" data-widget_type=\"post-info.default\">\n\t\t\t\t<div class=\"elementor-widget-container\">\n\t\t\t<link rel=\"stylesheet\" href=\"https:\/\/kemalozturk.com\/wp-content\/plugins\/elementor\/assets\/css\/widget-icon-list.min.css\"><link rel=\"stylesheet\" href=\"https:\/\/kemalozturk.com\/wp-content\/plugins\/elementor-pro\/assets\/css\/widget-theme-elements.min.css?ver=1724460118\">\t\t<ul class=\"elementor-inline-items elementor-icon-list-items elementor-post-info\">\n\t\t\t\t\t\t\t\t<li class=\"elementor-icon-list-item elementor-repeater-item-bd43516 elementor-inline-item\" itemprop=\"datePublished\">\n\t\t\t\t\t\t<a href=\"https:\/\/kemalozturk.com\/index.php\/2024\/05\/22\/\">\n\t\t\t\t\t\t\t\t\t\t\t<span class=\"elementor-icon-list-icon\">\n\t\t\t\t\t\t\t\t<i aria-hidden=\"true\" class=\"fas fa-calendar\"><\/i>\t\t\t\t\t\t\t<\/span>\n\t\t\t\t\t\t\t\t\t<span class=\"elementor-icon-list-text elementor-post-info__item elementor-post-info__item--type-date\">\n\t\t\t\t\t\t\t\t\t\t<time>May 22, 2024<\/time>\t\t\t\t\t<\/span>\n\t\t\t\t\t\t\t\t\t<\/a>\n\t\t\t\t<\/li>\n\t\t\t\t<li class=\"elementor-icon-list-item elementor-repeater-item-06ba7f0 elementor-inline-item\">\n\t\t\t\t\t\t\t\t\t\t<span class=\"elementor-icon-list-icon\">\n\t\t\t\t\t\t\t\t<i aria-hidden=\"true\" class=\"far fa-clock\"><\/i>\t\t\t\t\t\t\t<\/span>\n\t\t\t\t\t\t\t\t\t<span class=\"elementor-icon-list-text elementor-post-info__item elementor-post-info__item--type-time\">\n\t\t\t\t\t\t\t\t\t\t<time>2:28 am<\/time>\t\t\t\t\t<\/span>\n\t\t\t\t\t\t\t\t<\/li>\n\t\t\t\t<\/ul>\n\t\t\t\t<\/div>\n\t\t\t\t<\/div>\n\t\t\t\t\t<\/div>\n\t\t\t\t<\/div>\n\t\t\t\t<\/div>\n\t\t\t\t<div data-elementor-type=\"loop-item\" data-elementor-id=\"2480\" class=\"elementor elementor-2480 e-loop-item e-loop-item-906 post-906 post type-post status-publish format-standard has-post-thumbnail hentry category-development tag-ajax tag-creative tag-photography tag-theme\" data-elementor-post-type=\"elementor_library\" data-custom-edit-handle=\"1\">\n\t\t\t<div class=\"elementor-element elementor-element-61455e0 e-flex e-con-boxed e-con e-parent\" data-id=\"61455e0\" data-element_type=\"container\">\n\t\t\t\t\t<div class=\"e-con-inner\">\n\t\t\t\t<div class=\"elementor-element elementor-element-fe91b65 elementor-widget elementor-widget-theme-post-featured-image elementor-widget-image\" data-id=\"fe91b65\" data-element_type=\"widget\" data-widget_type=\"theme-post-featured-image.default\">\n\t\t\t\t<div class=\"elementor-widget-container\">\n\t\t\t\t\t\t\t\t\t\t\t\t\t\t<a href=\"https:\/\/kemalozturk.com\/index.php\/yazilim-dunyasinda-yapay-zeka-gelecege-bir-bakis\/\">\n\t\t\t\t\t\t\t<img decoding=\"async\" width=\"768\" height=\"768\" src=\"https:\/\/kemalozturk.com\/wp-content\/uploads\/2019\/02\/33e7c4eb-f8da-406e-b4fe-bf8297e04780-768x768.webp\" class=\"elementor-animation-grow attachment-medium_large size-medium_large wp-image-2530\" alt=\"\" srcset=\"https:\/\/kemalozturk.com\/wp-content\/uploads\/2019\/02\/33e7c4eb-f8da-406e-b4fe-bf8297e04780-768x768.webp 768w, https:\/\/kemalozturk.com\/wp-content\/uploads\/2019\/02\/33e7c4eb-f8da-406e-b4fe-bf8297e04780-300x300.webp 300w, https:\/\/kemalozturk.com\/wp-content\/uploads\/2019\/02\/33e7c4eb-f8da-406e-b4fe-bf8297e04780-150x150.webp 150w, https:\/\/kemalozturk.com\/wp-content\/uploads\/2019\/02\/33e7c4eb-f8da-406e-b4fe-bf8297e04780.webp 1024w\" sizes=\"(max-width: 768px) 100vw, 768px\" \/>\t\t\t\t\t\t\t\t<\/a>\n\t\t\t\t\t\t\t\t\t\t\t\t\t<\/div>\n\t\t\t\t<\/div>\n\t\t\t\t<div class=\"elementor-element elementor-element-e8855fc elementor-widget elementor-widget-theme-post-title elementor-page-title elementor-widget-heading\" data-id=\"e8855fc\" data-element_type=\"widget\" data-widget_type=\"theme-post-title.default\">\n\t\t\t\t<div class=\"elementor-widget-container\">\n\t\t\t<h5 class=\"elementor-heading-title elementor-size-default\"><a href=\"https:\/\/kemalozturk.com\/index.php\/yazilim-dunyasinda-yapay-zeka-gelecege-bir-bakis\/\">Yaz\u0131l\u0131m D\u00fcnyas\u0131nda Yapay Zeka: Gelece\u011fe Bir Bak\u0131\u015f<\/a><\/h5>\t\t<\/div>\n\t\t\t\t<\/div>\n\t\t\t\t<div class=\"elementor-element elementor-element-bc5dd9d elementor-align-right elementor-widget elementor-widget-post-info\" data-id=\"bc5dd9d\" data-element_type=\"widget\" data-widget_type=\"post-info.default\">\n\t\t\t\t<div class=\"elementor-widget-container\">\n\t\t\t\t\t<ul class=\"elementor-inline-items elementor-icon-list-items elementor-post-info\">\n\t\t\t\t\t\t\t\t<li class=\"elementor-icon-list-item elementor-repeater-item-bd43516 elementor-inline-item\" itemprop=\"datePublished\">\n\t\t\t\t\t\t<a href=\"https:\/\/kemalozturk.com\/index.php\/2024\/02\/01\/\">\n\t\t\t\t\t\t\t\t\t\t\t<span class=\"elementor-icon-list-icon\">\n\t\t\t\t\t\t\t\t<i aria-hidden=\"true\" class=\"fas fa-calendar\"><\/i>\t\t\t\t\t\t\t<\/span>\n\t\t\t\t\t\t\t\t\t<span class=\"elementor-icon-list-text elementor-post-info__item elementor-post-info__item--type-date\">\n\t\t\t\t\t\t\t\t\t\t<time>February 1, 2024<\/time>\t\t\t\t\t<\/span>\n\t\t\t\t\t\t\t\t\t<\/a>\n\t\t\t\t<\/li>\n\t\t\t\t<li class=\"elementor-icon-list-item elementor-repeater-item-06ba7f0 elementor-inline-item\">\n\t\t\t\t\t\t\t\t\t\t<span class=\"elementor-icon-list-icon\">\n\t\t\t\t\t\t\t\t<i aria-hidden=\"true\" class=\"far fa-clock\"><\/i>\t\t\t\t\t\t\t<\/span>\n\t\t\t\t\t\t\t\t\t<span class=\"elementor-icon-list-text elementor-post-info__item elementor-post-info__item--type-time\">\n\t\t\t\t\t\t\t\t\t\t<time>4:16 am<\/time>\t\t\t\t\t<\/span>\n\t\t\t\t\t\t\t\t<\/li>\n\t\t\t\t<\/ul>\n\t\t\t\t<\/div>\n\t\t\t\t<\/div>\n\t\t\t\t\t<\/div>\n\t\t\t\t<\/div>\n\t\t\t\t<\/div>\n\t\t\t\t<\/div>\n\t\t\t\t\t<span class=\"e-load-more-spinner\">\n\t\t\t\t<i aria-hidden=\"true\" class=\"fas fa-spinner\"><\/i>\t\t\t<\/span>\n\t\t\n\t\t\t\t<\/div>\n\t\t\t\t<\/div>\n\t\t\t\t<div class=\"elementor-element elementor-element-1428594 elementor-widget-divider--view-line elementor-widget elementor-widget-divider\" data-id=\"1428594\" data-element_type=\"widget\" data-widget_type=\"divider.default\">\n\t\t\t\t<div class=\"elementor-widget-container\">\n\t\t\t<style>\/*! elementor - v3.23.0 - 05-08-2024 *\/\n.elementor-widget-divider{--divider-border-style:none;--divider-border-width:1px;--divider-color:#0c0d0e;--divider-icon-size:20px;--divider-element-spacing:10px;--divider-pattern-height:24px;--divider-pattern-size:20px;--divider-pattern-url:none;--divider-pattern-repeat:repeat-x}.elementor-widget-divider .elementor-divider{display:flex}.elementor-widget-divider .elementor-divider__text{font-size:15px;line-height:1;max-width:95%}.elementor-widget-divider .elementor-divider__element{margin:0 var(--divider-element-spacing);flex-shrink:0}.elementor-widget-divider .elementor-icon{font-size:var(--divider-icon-size)}.elementor-widget-divider .elementor-divider-separator{display:flex;margin:0;direction:ltr}.elementor-widget-divider--view-line_icon .elementor-divider-separator,.elementor-widget-divider--view-line_text .elementor-divider-separator{align-items:center}.elementor-widget-divider--view-line_icon .elementor-divider-separator:after,.elementor-widget-divider--view-line_icon .elementor-divider-separator:before,.elementor-widget-divider--view-line_text .elementor-divider-separator:after,.elementor-widget-divider--view-line_text .elementor-divider-separator:before{display:block;content:\"\";border-block-end:0;flex-grow:1;border-block-start:var(--divider-border-width) var(--divider-border-style) var(--divider-color)}.elementor-widget-divider--element-align-left .elementor-divider .elementor-divider-separator>.elementor-divider__svg:first-of-type{flex-grow:0;flex-shrink:100}.elementor-widget-divider--element-align-left .elementor-divider-separator:before{content:none}.elementor-widget-divider--element-align-left .elementor-divider__element{margin-left:0}.elementor-widget-divider--element-align-right .elementor-divider .elementor-divider-separator>.elementor-divider__svg:last-of-type{flex-grow:0;flex-shrink:100}.elementor-widget-divider--element-align-right .elementor-divider-separator:after{content:none}.elementor-widget-divider--element-align-right .elementor-divider__element{margin-right:0}.elementor-widget-divider--element-align-start .elementor-divider .elementor-divider-separator>.elementor-divider__svg:first-of-type{flex-grow:0;flex-shrink:100}.elementor-widget-divider--element-align-start .elementor-divider-separator:before{content:none}.elementor-widget-divider--element-align-start .elementor-divider__element{margin-inline-start:0}.elementor-widget-divider--element-align-end .elementor-divider .elementor-divider-separator>.elementor-divider__svg:last-of-type{flex-grow:0;flex-shrink:100}.elementor-widget-divider--element-align-end .elementor-divider-separator:after{content:none}.elementor-widget-divider--element-align-end .elementor-divider__element{margin-inline-end:0}.elementor-widget-divider:not(.elementor-widget-divider--view-line_text):not(.elementor-widget-divider--view-line_icon) .elementor-divider-separator{border-block-start:var(--divider-border-width) var(--divider-border-style) var(--divider-color)}.elementor-widget-divider--separator-type-pattern{--divider-border-style:none}.elementor-widget-divider--separator-type-pattern.elementor-widget-divider--view-line .elementor-divider-separator,.elementor-widget-divider--separator-type-pattern:not(.elementor-widget-divider--view-line) .elementor-divider-separator:after,.elementor-widget-divider--separator-type-pattern:not(.elementor-widget-divider--view-line) .elementor-divider-separator:before,.elementor-widget-divider--separator-type-pattern:not([class*=elementor-widget-divider--view]) .elementor-divider-separator{width:100%;min-height:var(--divider-pattern-height);-webkit-mask-size:var(--divider-pattern-size) 100%;mask-size:var(--divider-pattern-size) 100%;-webkit-mask-repeat:var(--divider-pattern-repeat);mask-repeat:var(--divider-pattern-repeat);background-color:var(--divider-color);-webkit-mask-image:var(--divider-pattern-url);mask-image:var(--divider-pattern-url)}.elementor-widget-divider--no-spacing{--divider-pattern-size:auto}.elementor-widget-divider--bg-round{--divider-pattern-repeat:round}.rtl .elementor-widget-divider .elementor-divider__text{direction:rtl}.e-con-inner>.elementor-widget-divider,.e-con>.elementor-widget-divider{width:var(--container-widget-width,100%);--flex-grow:var(--container-widget-flex-grow)}<\/style>\t\t<div class=\"elementor-divider\">\n\t\t\t<span class=\"elementor-divider-separator\">\n\t\t\t\t\t\t<\/span>\n\t\t<\/div>\n\t\t\t\t<\/div>\n\t\t\t\t<\/div>\n\t\t\t\t<\/div>\n\t\t\t\t<\/div>\n\t\t","protected":false},"excerpt":{"rendered":"","protected":false},"author":1,"featured_media":0,"parent":0,"menu_order":0,"comment_status":"closed","ping_status":"closed","template":"","meta":{"_acf_changed":false,"footnotes":""},"class_list":["post-2449","page","type-page","status-publish","hentry"],"acf":[],"_links":{"self":[{"href":"https:\/\/kemalozturk.com\/index.php\/wp-json\/wp\/v2\/pages\/2449","targetHints":{"allow":["GET"]}}],"collection":[{"href":"https:\/\/kemalozturk.com\/index.php\/wp-json\/wp\/v2\/pages"}],"about":[{"href":"https:\/\/kemalozturk.com\/index.php\/wp-json\/wp\/v2\/types\/page"}],"author":[{"embeddable":true,"href":"https:\/\/kemalozturk.com\/index.php\/wp-json\/wp\/v2\/users\/1"}],"replies":[{"embeddable":true,"href":"https:\/\/kemalozturk.com\/index.php\/wp-json\/wp\/v2\/comments?post=2449"}],"version-history":[{"count":37,"href":"https:\/\/kemalozturk.com\/index.php\/wp-json\/wp\/v2\/pages\/2449\/revisions"}],"predecessor-version":[{"id":2515,"href":"https:\/\/kemalozturk.com\/index.php\/wp-json\/wp\/v2\/pages\/2449\/revisions\/2515"}],"wp:attachment":[{"href":"https:\/\/kemalozturk.com\/index.php\/wp-json\/wp\/v2\/media?parent=2449"}],"curies":[{"name":"wp","href":"https:\/\/api.w.org\/{rel}","templated":true}]}}